{"id":59,"date":"2021-07-19T16:08:02","date_gmt":"2021-07-19T16:08:02","guid":{"rendered":"https:\/\/valledelrosarioxela.com\/?page_id=59"},"modified":"2025-08-30T02:19:55","modified_gmt":"2025-08-30T02:19:55","slug":"ubicacion","status":"publish","type":"page","link":"https:\/\/valledelrosarioxela.com\/?page_id=59","title":{"rendered":"Ubicaci\u00f3n"},"content":{"rendered":"\n\t<section class=\"section\" id=\"section_1595682653\">\n\t\t<div class=\"bg section-bg fill bg-fill  bg-loaded\" >\n\n\t\t\t\n\t\t\t\n\t\t\t\n\n\t\t<\/div>\n\n\t\t<div class=\"section-content relative\">\n\t\t\t\n\n<div class=\"row row-collapse row-full-width align-equal\"  id=\"row-1065827067\">\n\n\n\t<div id=\"col-747545722\" class=\"col medium-12 small-12 large-6\"  >\n\t\t\t\t<div class=\"col-inner\"  >\n\t\t\t\n\t\t\t\n\n\t<div id=\"gap-1629973851\" class=\"gap-element clearfix\" style=\"display:block; height:auto;\">\n\t\t\n<style>\n#gap-1629973851 {\n  padding-top: 450px;\n}\n@media (min-width:550px) {\n  #gap-1629973851 {\n    padding-top: 465px;\n  }\n}\n<\/style>\n\t<\/div>\n\t\n\n\n\t\t<\/div>\n\t\t\t\t\t<\/div>\n\n\t\n\n\t<div id=\"col-473800692\" class=\"col medium-12 small-12 large-6 medium-col-first\"  >\n\t\t\t\t<div class=\"col-inner\"  >\n\t\t\t\n\t\t\t\n\n\n  <div class=\"banner has-hover\" id=\"banner-1156924650\">\n          <div class=\"banner-inner fill\">\n        <div class=\"banner-bg fill\" >\n            <div class=\"bg fill bg-fill \"><\/div>\n                                    \n                    <\/div>\n        <div class=\"banner-layers container\">\n            <div class=\"fill banner-link\"><\/div>            \n\n\n        <\/div>\n      <\/div>\n\n            \n<style>\n#banner-1156924650 {\n  padding-top: 400px;\n  background-color: rgb(255, 255, 255);\n}\n#banner-1156924650 .bg.bg-loaded {\n  background-image: url(https:\/\/i0.wp.com\/valledelrosarioxela.com\/wp-content\/uploads\/2025\/08\/IMG_8763-1-scaled.jpg?fit=576%2C1024&ssl=1);\n}\n#banner-1156924650 .bg {\n  background-position: 54% 46%;\n}\n@media (min-width:550px) {\n  #banner-1156924650 {\n    padding-top: 500px;\n  }\n}\n@media (min-width:850px) {\n  #banner-1156924650 {\n    padding-top: 99.99%;\n  }\n}\n<\/style>\n  <\/div>\n\n\n\n\t\t<\/div>\n\t\t\t\t\t<\/div>\n\n\t\n\n\n<style>\n#row-1065827067 > .col > .col-inner {\n  background-color: rgb(105, 117, 140);\n}\n<\/style>\n<\/div>\n<div class=\"row\" style=\"max-width:1300px\" id=\"row-128427496\">\n\n\n\t<div id=\"col-740940098\" class=\"col medium-12 small-12 large-6\"  >\n\t\t\t\t<div class=\"col-inner text-left dark\"  >\n\t\t\t\n\t\t\t\n\n\t<div id=\"text-3687981826\" class=\"text\">\n\t\t\n\n<h4><span style=\"font-size: 300%;\">\u00bfQu\u00e9 servicios tendr\u00e1n los lotes y casas?<\/span><\/h4>\n\t\t\n<style>\n#text-3687981826 {\n  font-size: 0.75rem;\n  text-align: center;\n  color: rgb(245, 250, 243);\n}\n#text-3687981826 > * {\n  color: rgb(245, 250, 243);\n}\n@media (min-width:550px) {\n  #text-3687981826 {\n    font-size: 1.15rem;\n  }\n}\n<\/style>\n\t<\/div>\n\t\n<a data-animate=\"fadeInLeft\" href=\"https:\/\/valledelrosarioxela.com\/?page_id=60\" target=\"_self\" class=\"button white is-outline expand\"  style=\"border-radius:10px;\">\n    <span>Haz tu cita<\/span>\n  <\/a>\n\n\n\n\t\t<\/div>\n\t\t\t\t\n<style>\n#col-740940098 > .col-inner {\n  margin: -400px 0px 0px 0px;\n}\n@media (min-width:550px) {\n  #col-740940098 > .col-inner {\n    margin: -400px 0px 0px 0px;\n  }\n}\n<\/style>\n\t<\/div>\n\n\t\n\n<\/div>\n\n\t\t<\/div>\n\n\t\t\n<style>\n#section_1595682653 {\n  padding-top: 0px;\n  padding-bottom: 0px;\n}\n<\/style>\n\t<\/section>\n\t\n\t<section class=\"section\" id=\"section_359852025\">\n\t\t<div class=\"bg section-bg fill bg-fill  \" >\n\n\t\t\t\n\t\t\t\n\t\t\t\n\n\t\t<\/div>\n\n\t\t<div class=\"section-content relative\">\n\t\t\t\n\n\t<div id=\"gap-1815695957\" class=\"gap-element clearfix\" style=\"display:block; height:auto;\">\n\t\t\n<style>\n#gap-1815695957 {\n  padding-top: 30px;\n}\n<\/style>\n\t<\/div>\n\t\n\n<div class=\"row row-small\" style=\"max-width:1300px\" id=\"row-1885199241\">\n\n\n\t<div id=\"col-900903862\" class=\"col medium-6 small-12 large-3\"  >\n\t\t\t\t<div class=\"col-inner text-center\" style=\"background-color:rgb(255, 255, 255);\" >\n\t\t\t\n\t\t\t\n\n\n\t\t<div class=\"icon-box featured-box icon-box-top text-left\"  >\n\t\t\t\t\t<div class=\"icon-box-img\" style=\"width: 80px\">\n\t\t\t\t<div class=\"icon\">\n\t\t\t\t\t<div class=\"icon-inner\" >\n\t\t\t\t\t\t<img loading=\"lazy\" decoding=\"async\" width=\"120\" height=\"120\" src=\"https:\/\/i0.wp.com\/valledelrosarioxela.com\/wp-content\/uploads\/2021\/07\/sun-line-1-1.png?fit=120%2C120&amp;ssl=1\" class=\"attachment-medium size-medium\" alt=\"\" \/>\t\t\t\t\t<\/div>\n\t\t\t\t<\/div>\n\t\t\t<\/div>\n\t\t\t\t<div class=\"icon-box-text last-reset\">\n\t\t\t\t\t\t\t\t\t\n\n\t<div id=\"text-2518003254\" class=\"text\">\n\t\t\n\n<h3>Energ\u00eda El\u00e9ctrica Municipal<\/h3>\n<p>Tipo a\u00e9reo.<\/p>\n\t\t\n<style>\n#text-2518003254 {\n  text-align: center;\n}\n<\/style>\n\t<\/div>\n\t\n\n\t\t<\/div>\n\t<\/div>\n\t\n\t\n\n\t\t<\/div>\n\t\t\t\t\n<style>\n#col-900903862 > .col-inner {\n  padding: 30px 30px 30px 30px;\n}\n<\/style>\n\t<\/div>\n\n\t\n\n\t<div id=\"col-1864355820\" class=\"col medium-6 small-12 large-3\"  >\n\t\t\t\t<div class=\"col-inner text-center\" style=\"background-color:rgb(255, 255, 255);\" >\n\t\t\t\n\t\t\t\n\n\n\t\t<div class=\"icon-box featured-box icon-box-top text-left\"  >\n\t\t\t\t\t<div class=\"icon-box-img\" style=\"width: 80px\">\n\t\t\t\t<div class=\"icon\">\n\t\t\t\t\t<div class=\"icon-inner\" >\n\t\t\t\t\t\t<img loading=\"lazy\" decoding=\"async\" width=\"120\" height=\"120\" src=\"https:\/\/i0.wp.com\/valledelrosarioxela.com\/wp-content\/uploads\/2021\/07\/map-pin-2-line-2.png?fit=120%2C120&amp;ssl=1\" class=\"attachment-medium size-medium\" alt=\"\" \/>\t\t\t\t\t<\/div>\n\t\t\t\t<\/div>\n\t\t\t<\/div>\n\t\t\t\t<div class=\"icon-box-text last-reset\">\n\t\t\t\t\t\t\t\t\t\n\n\t<div id=\"text-3166648686\" class=\"text\">\n\t\t\n\n<h3>Agua<\/h3>\n<p>Pozo propio, tanque elevado y exclusivo para el condominio.<\/p>\n\t\t\n<style>\n#text-3166648686 {\n  text-align: center;\n}\n<\/style>\n\t<\/div>\n\t\n\n\t\t<\/div>\n\t<\/div>\n\t\n\t\n\n\t\t<\/div>\n\t\t\t\t\n<style>\n#col-1864355820 > .col-inner {\n  padding: 30px 30px 30px 30px;\n}\n<\/style>\n\t<\/div>\n\n\t\n\n\t<div id=\"col-867414597\" class=\"col medium-6 small-12 large-3\"  >\n\t\t\t\t<div class=\"col-inner text-center\" style=\"background-color:rgb(255, 255, 255);\" >\n\t\t\t\n\t\t\t\n\n\n\t\t<div class=\"icon-box featured-box icon-box-top text-left\"  >\n\t\t\t\t\t<div class=\"icon-box-img\" style=\"width: 80px\">\n\t\t\t\t<div class=\"icon\">\n\t\t\t\t\t<div class=\"icon-inner\" >\n\t\t\t\t\t\t<img loading=\"lazy\" decoding=\"async\" width=\"120\" height=\"120\" src=\"https:\/\/i0.wp.com\/valledelrosarioxela.com\/wp-content\/uploads\/2021\/07\/hearts-line-1.png?fit=120%2C120&amp;ssl=1\" class=\"attachment-medium size-medium\" alt=\"\" \/>\t\t\t\t\t<\/div>\n\t\t\t\t<\/div>\n\t\t\t<\/div>\n\t\t\t\t<div class=\"icon-box-text last-reset\">\n\t\t\t\t\t\t\t\t\t\n\n\t<div id=\"text-1882351852\" class=\"text\">\n\t\t\n\n<h3>Drenaje<\/h3>\n<p>Planta de tratamiento subterr\u00e1nea y pozos de absorci\u00f3n.<\/p>\n\t\t\n<style>\n#text-1882351852 {\n  text-align: center;\n}\n<\/style>\n\t<\/div>\n\t\n\n\t\t<\/div>\n\t<\/div>\n\t\n\t\n\n\t\t<\/div>\n\t\t\t\t\n<style>\n#col-867414597 > .col-inner {\n  padding: 30px 30px 30px 30px;\n}\n<\/style>\n\t<\/div>\n\n\t\n\n\t<div id=\"col-1163206026\" class=\"col medium-6 small-12 large-3\"  >\n\t\t\t\t<div class=\"col-inner text-center\" style=\"background-color:rgb(255, 255, 255);\" >\n\t\t\t\n\t\t\t\n\n\n\t\t<div class=\"icon-box featured-box icon-box-top text-left\"  >\n\t\t\t\t\t<div class=\"icon-box-img\" style=\"width: 80px\">\n\t\t\t\t<div class=\"icon\">\n\t\t\t\t\t<div class=\"icon-inner\" >\n\t\t\t\t\t\t<img loading=\"lazy\" decoding=\"async\" width=\"120\" height=\"120\" src=\"https:\/\/i0.wp.com\/valledelrosarioxela.com\/wp-content\/uploads\/2021\/07\/bookmark-line-1.png?fit=120%2C120&amp;ssl=1\" class=\"attachment-medium size-medium\" alt=\"\" \/>\t\t\t\t\t<\/div>\n\t\t\t\t<\/div>\n\t\t\t<\/div>\n\t\t\t\t<div class=\"icon-box-text last-reset\">\n\t\t\t\t\t\t\t\t\t\n\n\t<div id=\"text-2497441025\" class=\"text\">\n\t\t\n\n<h3>Seguridad<\/h3>\n<p>Garita y pared perimetral.<\/p>\n\t\t\n<style>\n#text-2497441025 {\n  text-align: center;\n}\n<\/style>\n\t<\/div>\n\t\n\n\t\t<\/div>\n\t<\/div>\n\t\n\t\n\n\t\t<\/div>\n\t\t\t\t\n<style>\n#col-1163206026 > .col-inner {\n  padding: 30px 30px 30px 30px;\n}\n<\/style>\n\t<\/div>\n\n\t\n\n<\/div>\n\n\t\t<\/div>\n\n\t\t\n<style>\n#section_359852025 {\n  padding-top: 30px;\n  padding-bottom: 30px;\n  min-height: 600px;\n}\n#section_359852025 .section-bg.bg-loaded {\n  background-image: url(https:\/\/valledelrosarioxela.com\/wp-content\/uploads\/2021\/07\/fondo-verde-.jpg);\n}\n<\/style>\n\t<\/section>\n\t\n\t<section class=\"section\" id=\"section_559593102\">\n\t\t<div class=\"bg section-bg fill bg-fill  bg-loaded\" >\n\n\t\t\t\n\t\t\t\n\t\t\t\n\n\t\t<\/div>\n\n\t\t<div class=\"section-content relative\">\n\t\t\t\n\n<div class=\"row align-center\" style=\"max-width:1300px\" id=\"row-292692448\">\n\n\n\t<div id=\"col-453939273\" class=\"col medium-7 small-12 large-5\"  >\n\t\t\t\t<div class=\"col-inner\"  >\n\t\t\t\n\t\t\t\n\n\t<div id=\"text-1275680883\" class=\"text\">\n\t\t\n\n<h2>Energ\u00eda El\u00e9ctrica Municipal<\/h2>\n\t\t\n<style>\n#text-1275680883 {\n  font-size: 1.75rem;\n  text-align: center;\n}\n<\/style>\n\t<\/div>\n\t\n<div class=\"text-center\"><div class=\"is-divider divider clearfix\" style=\"max-width:100px;background-color:rgb(105, 117, 140);\"><\/div><\/div>\n\n\t<div id=\"text-3894962389\" class=\"text\">\n\t\t\n\n<p>Cuando se compra un lote, la conexi\u00f3n y adquisici\u00f3n del contador es un tr\u00e1mite personal en la EEMQ.<\/p>\n<p>Cuando se compra una casa, se necesita traspasar la propiedad de la conexi\u00f3n y contador al comprador.<\/p>\n\t\t\n<style>\n#text-3894962389 {\n  text-align: center;\n}\n<\/style>\n\t<\/div>\n\t\n\n\t\t<\/div>\n\t\t\t\t\t<\/div>\n\n\t\n\n<\/div>\n\n\t\t<\/div>\n\n\t\t\n<style>\n#section_559593102 {\n  padding-top: 10px;\n  padding-bottom: 10px;\n}\n@media (min-width:550px) {\n  #section_559593102 {\n    padding-top: 0px;\n    padding-bottom: 0px;\n  }\n}\n@media (min-width:850px) {\n  #section_559593102 {\n    padding-top: 50px;\n    padding-bottom: 50px;\n  }\n}\n<\/style>\n\t<\/section>\n\t\n\t<section class=\"section\" id=\"section_1813625125\">\n\t\t<div class=\"bg section-bg fill bg-fill  bg-loaded\" >\n\n\t\t\t\n\t\t\t\n\t\t\t\n\n\t\t<\/div>\n\n\t\t<div class=\"section-content relative\">\n\t\t\t\n\n<div class=\"row row-collapse row-full-width align-equal\"  id=\"row-831943773\">\n\n\n\t<div id=\"col-612699285\" class=\"col medium-12 small-12 large-6\"  >\n\t\t\t\t<div class=\"col-inner\"  >\n\t\t\t\n\t\t\t\n\n<div class=\"row\"  id=\"row-1156319893\">\n\n\n\t<div id=\"col-722261595\" class=\"col small-12 large-12\"  >\n\t\t\t\t<div class=\"col-inner\"  >\n\t\t\t\n\t\t\t\n\n\t<div id=\"gap-242574438\" class=\"gap-element clearfix\" style=\"display:block; height:auto;\">\n\t\t\n<style>\n#gap-242574438 {\n  padding-top: 0px;\n}\n@media (min-width:850px) {\n  #gap-242574438 {\n    padding-top: 600px;\n  }\n}\n<\/style>\n\t<\/div>\n\t\n\n\n\t\t<\/div>\n\t\t\t\t\t<\/div>\n\n\t\n\n<\/div>\n\n\t\t<\/div>\n\t\t\t\t\t<\/div>\n\n\t\n\n\t<div id=\"col-1617761789\" class=\"col medium-12 small-12 large-6\"  >\n\t\t\t\t<div class=\"col-inner\" style=\"background-color:rgb(186, 199, 222);\" >\n\t\t\t\n\t\t\t\n\n\t<div id=\"gap-271996954\" class=\"gap-element clearfix\" style=\"display:block; height:auto;\">\n\t\t\n<style>\n#gap-271996954 {\n  padding-top: 560px;\n}\n@media (min-width:850px) {\n  #gap-271996954 {\n    padding-top: 600px;\n  }\n}\n<\/style>\n\t<\/div>\n\t\n\n\n\t\t<\/div>\n\t\t\t\t\n<style>\n#col-1617761789 > .col-inner {\n  margin: -40px 0px 0px 0px;\n}\n@media (min-width:550px) {\n  #col-1617761789 > .col-inner {\n    margin: -35px 0px 0px 0px;\n  }\n}\n@media (min-width:850px) {\n  #col-1617761789 > .col-inner {\n    margin: 0 0px 0px 0px;\n  }\n}\n<\/style>\n\t<\/div>\n\n\t\n\n<\/div>\n<div class=\"row\" style=\"max-width:1300px\" id=\"row-1977619503\">\n\n\n\t<div id=\"col-40758647\" class=\"col small-12 large-12\"  >\n\t\t\t\t<div class=\"col-inner\"  >\n\t\t\t\n\t\t\t\n\n<div class=\"row align-middle\" style=\"max-width:1300px\" id=\"row-1006378674\">\n\n\n\t<div id=\"col-383134456\" class=\"col medium-12 small-12 large-6\"  >\n\t\t\t\t<div class=\"col-inner\"  >\n\t\t\t\n\t\t\t\n\n\t<div id=\"text-2647282875\" class=\"text\">\n\t\t\n\n<h2>Agua<\/h2>\n\t\t\n<style>\n#text-2647282875 {\n  font-size: 1.5rem;\n}\n<\/style>\n\t<\/div>\n\t\n<div class=\"is-divider divider clearfix\" style=\"max-width:100px;background-color:rgb(105, 117, 140);\"><\/div>\n\n<p>El agua del condominio Residenciales Valle del Rosario ser\u00e1 distribuida por la empresa &#8220;Agua del Rosario, S.A.&#8221;.\u00a0<\/p>\n<ul>\n<li>El costo de conexi\u00f3n es de Q3,000.00 por casa o lote por 1\/2 paja de agua.<\/li>\n<li>Costo mensual de Q100.<\/li>\n<\/ul>\n\n\t\t<\/div>\n\t\t\t\t\n<style>\n#col-383134456 > .col-inner {\n  padding: 75px 0px 75px 0;\n  margin: - 0px 0px 0px;\n}\n@media (min-width:550px) {\n  #col-383134456 > .col-inner {\n    padding: 10% 20% 15% 0%;\n    margin: -130px 0px 0px 0px;\n  }\n}\n@media (min-width:850px) {\n  #col-383134456 > .col-inner {\n    padding: 10% 20% 10% 0%;\n    margin: 0 0px 0px 0px;\n  }\n}\n<\/style>\n\t<\/div>\n\n\t\n\n\t<div id=\"col-1041333108\" class=\"col medium-12 small-12 large-6 medium-col-first\"  >\n\t\t\t\t<div class=\"col-inner\" style=\"background-color:rgb(201, 223, 242);\" >\n\t\t\t\n\t\t\t\n\n\n  <div class=\"banner has-hover\" id=\"banner-1284492757\">\n          <div class=\"banner-inner fill\">\n        <div class=\"banner-bg fill\" >\n            <div class=\"bg fill bg-fill \"><\/div>\n                                    \n                    <\/div>\n        <div class=\"banner-layers container\">\n            <div class=\"fill banner-link\"><\/div>            \n\n\n        <\/div>\n      <\/div>\n\n            \n<style>\n#banner-1284492757 {\n  padding-top: 450px;\n  background-color: rgb(187, 188, 213);\n}\n#banner-1284492757 .bg.bg-loaded {\n  background-image: url(https:\/\/i0.wp.com\/valledelrosarioxela.com\/wp-content\/uploads\/2025\/08\/IMG_8761-1-scaled.jpg?fit=576%2C1024&ssl=1);\n}\n#banner-1284492757 .bg {\n  background-position: 20% 1%;\n}\n<\/style>\n  <\/div>\n\n\n\n\t\t<\/div>\n\t\t\t\t\n<style>\n#col-1041333108 > .col-inner {\n  padding: 0px 0px 0px 0;\n}\n@media (min-width:550px) {\n  #col-1041333108 > .col-inner {\n    padding: 17% 20% 20% 25%;\n  }\n}\n@media (min-width:850px) {\n  #col-1041333108 > .col-inner {\n    padding: 15% 20% 20% 25%;\n  }\n}\n<\/style>\n\t<\/div>\n\n\t\n\n<\/div>\n\n\t\t<\/div>\n\t\t\t\t\n<style>\n#col-40758647 > .col-inner {\n  margin: -500px 0px 0px 0px;\n}\n@media (min-width:550px) {\n  #col-40758647 > .col-inner {\n    margin: -640px 0px 0px 0px;\n  }\n}\n@media (min-width:850px) {\n  #col-40758647 > .col-inner {\n    margin: -640px 0px 0px 0px;\n  }\n}\n<\/style>\n\t<\/div>\n\n\t\n\n<\/div>\n\n\t\t<\/div>\n\n\t\t\n<style>\n#section_1813625125 {\n  padding-top: 0px;\n  padding-bottom: 0px;\n}\n<\/style>\n\t<\/section>\n\t\n\t<section class=\"section\" id=\"section_763088550\">\n\t\t<div class=\"bg section-bg fill bg-fill  bg-loaded\" >\n\n\t\t\t\n\t\t\t\n\t\t\t\n\n\t\t<\/div>\n\n\t\t<div class=\"section-content relative\">\n\t\t\t\n\n<div class=\"row row-collapse row-full-width\"  id=\"row-721291738\">\n\n\n\t<div id=\"col-1099156952\" class=\"col medium-11 small-12 large-9\"  >\n\t\t\t\t<div class=\"col-inner\" style=\"background-color:rgb(140, 91, 63);\" >\n\t\t\t\n\t\t\t\n\n\n\t\t<\/div>\n\t\t\t\t\n<style>\n#col-1099156952 > .col-inner {\n  margin: 300px 0px 0px 0px;\n}\n@media (min-width:550px) {\n  #col-1099156952 > .col-inner {\n    margin: 550px 0px 0px 0px;\n  }\n}\n<\/style>\n\t<\/div>\n\n\t\n\n<\/div>\n<div class=\"row row-large\" style=\"max-width:1300px\" id=\"row-734540264\">\n\n\n\t<div id=\"col-1309854248\" class=\"col medium-6 small-12 large-6\"  >\n\t\t\t\t<div class=\"col-inner\"  >\n\t\t\t\n\t\t\t\n\n\n  <div class=\"banner has-hover\" id=\"banner-348956722\">\n          <div class=\"banner-inner fill\">\n        <div class=\"banner-bg fill\" >\n            <div class=\"bg fill bg-fill \"><\/div>\n                                    \n                    <\/div>\n        <div class=\"banner-layers container\">\n            <div class=\"fill banner-link\"><\/div>            \n\n\n        <\/div>\n      <\/div>\n\n            \n<style>\n#banner-348956722 {\n  padding-top: 400px;\n  background-color: rgb(255, 255, 255);\n}\n#banner-348956722 .bg.bg-loaded {\n  background-image: url(https:\/\/i0.wp.com\/valledelrosarioxela.com\/wp-content\/uploads\/2025\/08\/IMG_8766-1-scaled.jpg?fit=576%2C1024&ssl=1);\n}\n@media (min-width:550px) {\n  #banner-348956722 {\n    padding-top: 550px;\n  }\n}\n@media (min-width:850px) {\n  #banner-348956722 {\n    padding-top: 600px;\n  }\n}\n<\/style>\n  <\/div>\n\n\n\n\t\t<\/div>\n\t\t\t\t\n<style>\n#col-1309854248 > .col-inner {\n  margin: -480px 0px 0px 0px;\n}\n@media (min-width:550px) {\n  #col-1309854248 > .col-inner {\n    margin: -640px 0px 0px 0px;\n  }\n}\n@media (min-width:850px) {\n  #col-1309854248 > .col-inner {\n    margin: -680px 0px 0px 0px;\n  }\n}\n<\/style>\n\t<\/div>\n\n\t\n\n\t<div id=\"col-1784587818\" class=\"col medium-6 small-12 large-6\"  >\n\t\t\t\t<div class=\"col-inner\"  >\n\t\t\t\n\t\t\t\n\n\t<div id=\"text-1537799696\" class=\"text\">\n\t\t\n\n<h1>Drenaje<\/h1>\n\t\t\n<style>\n#text-1537799696 {\n  font-size: 1.25rem;\n}\n@media (min-width:850px) {\n  #text-1537799696 {\n    font-size: 1.5rem;\n  }\n}\n<\/style>\n\t<\/div>\n\t\n<div class=\"is-divider divider clearfix\" style=\"max-width:100px;background-color:rgb(187, 188, 213);\"><\/div>\n\n<p>El drenaje es una planta de tratamiento de aguas negras, que limpiar\u00e1 el agua para devolverla a los mantos fri\u00e1ticos por medio de pozos de absorci\u00f3n.\u00a0<\/p>\n<p>La planta le pertenece a los vecinos de Valle Del Rosario, el costo de su mantenimiento ya est\u00e1 pensado en la mensualidad de &#8220;seguridad y mantenimiento&#8221; de Q275 por lote o casa.\u00a0<\/p>\n\n\t\t<\/div>\n\t\t\t\t\n<style>\n#col-1784587818 > .col-inner {\n  padding: 40px 0px 0px 0px;\n  margin: 0px 0px -40px 0px;\n}\n@media (min-width:550px) {\n  #col-1784587818 > .col-inner {\n    padding: 0px 0px 0px 0px;\n    margin: -590px 0px 0px 0px;\n  }\n}\n@media (min-width:850px) {\n  #col-1784587818 > .col-inner {\n    padding: 0px 40px 0px 40px;\n    margin: -550px 0px 0px 0px;\n  }\n}\n<\/style>\n\t<\/div>\n\n\t\n\n<\/div>\n\n\t\t<\/div>\n\n\t\t\n<style>\n#section_763088550 {\n  padding-top: 80px;\n  padding-bottom: 80px;\n}\n<\/style>\n\t<\/section>\n\t\n\n","protected":false},"excerpt":{"rendered":"","protected":false},"author":1,"featured_media":0,"parent":0,"menu_order":0,"comment_status":"closed","ping_status":"closed","template":"","meta":{"nf_dc_page":"","om_disable_all_campaigns":false,"_monsterinsights_skip_tracking":false,"_monsterinsights_sitenote_active":false,"_monsterinsights_sitenote_note":"","_monsterinsights_sitenote_category":0,"footnotes":""},"class_list":["post-59","page","type-page","status-publish","hentry"],"aioseo_notices":[],"jetpack_sharing_enabled":true,"_links":{"self":[{"href":"https:\/\/valledelrosarioxela.com\/index.php?rest_route=\/wp\/v2\/pages\/59","targetHints":{"allow":["GET"]}}],"collection":[{"href":"https:\/\/valledelrosarioxela.com\/index.php?rest_route=\/wp\/v2\/pages"}],"about":[{"href":"https:\/\/valledelrosarioxela.com\/index.php?rest_route=\/wp\/v2\/types\/page"}],"author":[{"embeddable":true,"href":"https:\/\/valledelrosarioxela.com\/index.php?rest_route=\/wp\/v2\/users\/1"}],"replies":[{"embeddable":true,"href":"https:\/\/valledelrosarioxela.com\/index.php?rest_route=%2Fwp%2Fv2%2Fcomments&post=59"}],"version-history":[{"count":5,"href":"https:\/\/valledelrosarioxela.com\/index.php?rest_route=\/wp\/v2\/pages\/59\/revisions"}],"predecessor-version":[{"id":554,"href":"https:\/\/valledelrosarioxela.com\/index.php?rest_route=\/wp\/v2\/pages\/59\/revisions\/554"}],"wp:attachment":[{"href":"https:\/\/valledelrosarioxela.com\/index.php?rest_route=%2Fwp%2Fv2%2Fmedia&parent=59"}],"curies":[{"name":"wp","href":"https:\/\/api.w.org\/{rel}","templated":true}]}}